{"id":265,"date":"2024-12-10T08:02:47","date_gmt":"2024-12-10T13:02:47","guid":{"rendered":"https:\/\/perupayments.com\/?page_id=265"},"modified":"2026-04-14T13:25:10","modified_gmt":"2026-04-14T18:25:10","slug":"contactenos","status":"publish","type":"page","link":"https:\/\/perupayments.com\/es\/contactenos\/","title":{"rendered":"Cont\u00e1ctenos"},"content":{"rendered":"\t\t<div data-elementor-type=\"wp-page\" data-elementor-id=\"265\" class=\"elementor elementor-265\" data-elementor-post-type=\"page\">\n\t\t\t\t<div class=\"elementor-element elementor-element-ef0b8b7 e-flex e-con-boxed e-con e-parent\" data-id=\"ef0b8b7\" data-element_type=\"container\" data-e-type=\"container\">\n\t\t\t\t\t<div class=\"e-con-inner\">\n\t\t<div class=\"elementor-element elementor-element-409c4ce e-con-full e-flex e-con e-child\" data-id=\"409c4ce\" data-element_type=\"container\" data-e-type=\"container\">\n\t\t\t\t<div class=\"elementor-element elementor-element-6e1f06d elementor-widget elementor-widget-heading\" data-id=\"6e1f06d\" data-element_type=\"widget\" data-e-type=\"widget\" data-widget_type=\"heading.default\">\n\t\t\t\t<div class=\"elementor-widget-container\">\n\t\t\t\t\t<h2 class=\"elementor-heading-title elementor-size-default\">Cont\u00e1ctenos<\/h2>\t\t\t\t<\/div>\n\t\t\t\t<\/div>\n\t\t\t\t<div class=\"elementor-element elementor-element-47369de elementor-widget elementor-widget-text-editor\" data-id=\"47369de\" data-element_type=\"widget\" data-e-type=\"widget\" data-widget_type=\"text-editor.default\">\n\t\t\t\t<div class=\"elementor-widget-container\">\n\t\t\t\t\t\t\t\t\t<p>Para m\u00e1s informaci\u00f3n puede escribirnos directamente a nuestro buz\u00f3n de correo electr\u00f3nico, o tambi\u00e9n puede escribirnos por nuestro formulario virtual y nos estaremos comunicando con usted en el menor tiempo posible.<\/p><p><strong>Direcci\u00f3n:<\/strong> Av. Jos\u00e9 Pardo 831 &#8211; Miraflores, Lima &#8211; Per\u00fa<\/p>\t\t\t\t\t\t\t\t<\/div>\n\t\t\t\t<\/div>\n\t\t\t\t<div class=\"elementor-element elementor-element-7902014 elementor-icon-list--layout-traditional elementor-list-item-link-full_width elementor-widget elementor-widget-icon-list\" data-id=\"7902014\" data-element_type=\"widget\" data-e-type=\"widget\" data-widget_type=\"icon-list.default\">\n\t\t\t\t<div class=\"elementor-widget-container\">\n\t\t\t\t\t\t\t<ul class=\"elementor-icon-list-items\">\n\t\t\t\t\t\t\t<li class=\"elementor-icon-list-item\">\n\t\t\t\t\t\t\t\t\t\t\t<span class=\"elementor-icon-list-icon\">\n\t\t\t\t\t\t\t<svg aria-hidden=\"true\" class=\"e-font-icon-svg e-far-envelope\" viewBox=\"0 0 512 512\" xmlns=\"http:\/\/www.w3.org\/2000\/svg\"><path d=\"M464 64H48C21.49 64 0 85.49 0 112v288c0 26.51 21.49 48 48 48h416c26.51 0 48-21.49 48-48V112c0-26.51-21.49-48-48-48zm0 48v40.805c-22.422 18.259-58.168 46.651-134.587 106.49-16.841 13.247-50.201 45.072-73.413 44.701-23.208.375-56.579-31.459-73.413-44.701C106.18 199.465 70.425 171.067 48 152.805V112h416zM48 400V214.398c22.914 18.251 55.409 43.862 104.938 82.646 21.857 17.205 60.134 55.186 103.062 54.955 42.717.231 80.509-37.199 103.053-54.947 49.528-38.783 82.032-64.401 104.947-82.653V400H48z\"><\/path><\/svg>\t\t\t\t\t\t<\/span>\n\t\t\t\t\t\t\t\t\t\t<span class=\"elementor-icon-list-text\">asociados@perupayments.com<\/span>\n\t\t\t\t\t\t\t\t\t<\/li>\n\t\t\t\t\t\t<\/ul>\n\t\t\t\t\t\t<\/div>\n\t\t\t\t<\/div>\n\t\t\t\t<\/div>\n\t\t<div class=\"elementor-element elementor-element-2229c31 e-con-full e-flex e-con e-child\" data-id=\"2229c31\" data-element_type=\"container\" data-e-type=\"container\">\n\t\t\t\t<div class=\"elementor-element elementor-element-8367cc0 elementor-button-align-stretch elementor-widget elementor-widget-form\" data-id=\"8367cc0\" data-element_type=\"widget\" data-e-type=\"widget\" data-settings=\"{&quot;step_next_label&quot;:&quot;Next&quot;,&quot;step_previous_label&quot;:&quot;Previous&quot;,&quot;button_width&quot;:&quot;100&quot;,&quot;step_type&quot;:&quot;number_text&quot;,&quot;step_icon_shape&quot;:&quot;circle&quot;}\" data-widget_type=\"form.default\">\n\t\t\t\t<div class=\"elementor-widget-container\">\n\t\t\t\t\t\t\t<form class=\"elementor-form\" method=\"post\" name=\"New Form\" aria-label=\"New Form\">\n\t\t\t<input type=\"hidden\" name=\"post_id\" value=\"265\"\/>\n\t\t\t<input type=\"hidden\" name=\"form_id\" value=\"8367cc0\"\/>\n\t\t\t<input type=\"hidden\" name=\"referer_title\" value=\"Cont\u00e1ctenos - PeruPayments\" \/>\n\n\t\t\t\t\t\t\t<input type=\"hidden\" name=\"queried_id\" value=\"265\"\/>\n\t\t\t\n\t\t\t<div class=\"elementor-form-fields-wrapper elementor-labels-above\">\n\t\t\t\t\t\t\t\t<div class=\"elementor-field-type-text elementor-field-group elementor-column elementor-field-group-name elementor-col-100 elementor-field-required\">\n\t\t\t\t\t\t\t\t\t\t\t\t<label for=\"form-field-name\" class=\"elementor-field-label\">\n\t\t\t\t\t\t\t\tNombres y Apellidos\t\t\t\t\t\t\t<\/label>\n\t\t\t\t\t\t\t\t\t\t\t\t\t\t<input size=\"1\" type=\"text\" name=\"form_fields[name]\" id=\"form-field-name\" class=\"elementor-field elementor-size-sm  elementor-field-textual\" required=\"required\">\n\t\t\t\t\t\t\t\t\t\t\t<\/div>\n\t\t\t\t\t\t\t\t<div class=\"elementor-field-type-email elementor-field-group elementor-column elementor-field-group-email elementor-col-100 elementor-field-required\">\n\t\t\t\t\t\t\t\t\t\t\t\t<label for=\"form-field-email\" class=\"elementor-field-label\">\n\t\t\t\t\t\t\t\tCorreo electr\u00f3nico\t\t\t\t\t\t\t<\/label>\n\t\t\t\t\t\t\t\t\t\t\t\t\t\t<input size=\"1\" type=\"email\" name=\"form_fields[email]\" id=\"form-field-email\" class=\"elementor-field elementor-size-sm  elementor-field-textual\" required=\"required\">\n\t\t\t\t\t\t\t\t\t\t\t<\/div>\n\t\t\t\t\t\t\t\t<div class=\"elementor-field-type-text elementor-field-group elementor-column elementor-field-group-field_68e4a41 elementor-col-100 elementor-field-required\">\n\t\t\t\t\t\t\t\t\t\t\t\t<label for=\"form-field-field_68e4a41\" class=\"elementor-field-label\">\n\t\t\t\t\t\t\t\tTel\u00e9fono\t\t\t\t\t\t\t<\/label>\n\t\t\t\t\t\t\t\t\t\t\t\t\t\t<input size=\"1\" type=\"text\" name=\"form_fields[field_68e4a41]\" id=\"form-field-field_68e4a41\" class=\"elementor-field elementor-size-sm  elementor-field-textual\" required=\"required\">\n\t\t\t\t\t\t\t\t\t\t\t<\/div>\n\t\t\t\t\t\t\t\t<div class=\"elementor-field-type-number elementor-field-group elementor-column elementor-field-group-field_d7e0d41 elementor-col-50 elementor-field-required\">\n\t\t\t\t\t\t\t\t\t\t\t\t<label for=\"form-field-field_d7e0d41\" class=\"elementor-field-label\">\n\t\t\t\t\t\t\t\tRUC\t\t\t\t\t\t\t<\/label>\n\t\t\t\t\t\t\t\t\t<input type=\"number\" name=\"form_fields[field_d7e0d41]\" id=\"form-field-field_d7e0d41\" class=\"elementor-field elementor-size-sm  elementor-field-textual\" required=\"required\" min=\"11\" max=\"\" >\n\t\t\t\t\t\t<\/div>\n\t\t\t\t\t\t\t\t<div class=\"elementor-field-type-text elementor-field-group elementor-column elementor-field-group-field_b720028 elementor-col-50 elementor-field-required\">\n\t\t\t\t\t\t\t\t\t\t\t\t<label for=\"form-field-field_b720028\" class=\"elementor-field-label\">\n\t\t\t\t\t\t\t\tRaz\u00f3n Social\t\t\t\t\t\t\t<\/label>\n\t\t\t\t\t\t\t\t\t\t\t\t\t\t<input size=\"1\" type=\"text\" name=\"form_fields[field_b720028]\" id=\"form-field-field_b720028\" class=\"elementor-field elementor-size-sm  elementor-field-textual\" required=\"required\">\n\t\t\t\t\t\t\t\t\t\t\t<\/div>\n\t\t\t\t\t\t\t\t<div class=\"elementor-field-type-textarea elementor-field-group elementor-column elementor-field-group-message elementor-col-100 elementor-field-required\">\n\t\t\t\t\t\t\t\t\t\t\t\t<label for=\"form-field-message\" class=\"elementor-field-label\">\n\t\t\t\t\t\t\t\tMensaje\t\t\t\t\t\t\t<\/label>\n\t\t\t\t\t\t<textarea class=\"elementor-field-textual elementor-field  elementor-size-sm\" name=\"form_fields[message]\" id=\"form-field-message\" rows=\"4\" required=\"required\"><\/textarea>\t\t\t\t<\/div>\n\t\t\t\t\t\t\t\t<div class=\"elementor-field-type-recaptcha elementor-field-group elementor-column elementor-field-group-field_4649bc1 elementor-col-100\">\n\t\t\t\t\t<div class=\"elementor-field\" id=\"form-field-field_4649bc1\"><div class=\"elementor-g-recaptcha\" data-sitekey=\"6LcFsZcqAAAAABx0i1H4DeEl8nHrrwmux8vRg180\" data-type=\"v2_checkbox\" data-theme=\"light\" data-size=\"normal\"><\/div><\/div>\t\t\t\t<\/div>\n\t\t\t\t\t\t\t\t<div class=\"elementor-field-group elementor-column elementor-field-type-submit elementor-col-100 e-form__buttons\">\n\t\t\t\t\t<button class=\"elementor-button elementor-size-sm\" type=\"submit\">\n\t\t\t\t\t\t<span class=\"elementor-button-content-wrapper\">\n\t\t\t\t\t\t\t\t\t\t\t\t\t\t\t\t\t\t\t\t\t\t<span class=\"elementor-button-text\">ENVIAR<\/span>\n\t\t\t\t\t\t\t\t\t\t\t\t\t<\/span>\n\t\t\t\t\t<\/button>\n\t\t\t\t<\/div>\n\t\t\t<\/div>\n\t\t<\/form>\n\t\t\t\t\t\t<\/div>\n\t\t\t\t<\/div>\n\t\t\t\t<\/div>\n\t\t\t\t\t<\/div>\n\t\t\t\t<\/div>\n\t\t\t\t<\/div>\n\t\t","protected":false},"excerpt":{"rendered":"<p>Cont\u00e1ctenos Para m\u00e1s informaci\u00f3n puede escribirnos directamente a nuestro buz\u00f3n de correo electr\u00f3nico, o tambi\u00e9n puede escribirnos por nuestro formulario virtual y nos estaremos comunicando con usted en el menor tiempo posible. Direcci\u00f3n: Av. Jos\u00e9 Pardo 831 &#8211; Miraflores, Lima &#8211; Per\u00fa asociados@perupayments.com<\/p>\n","protected":false},"author":1,"featured_media":0,"parent":0,"menu_order":0,"comment_status":"closed","ping_status":"closed","template":"elementor_header_footer","meta":{"footnotes":""},"class_list":["post-265","page","type-page","status-publish","hentry"],"yoast_head":"<!-- This site is optimized with the Yoast SEO plugin v27.4 - https:\/\/yoast.com\/product\/yoast-seo-wordpress\/ -->\n<title>Cont\u00e1ctenos - PeruPayments<\/title>\n<meta name=\"robots\" content=\"index, follow, max-snippet:-1, max-image-preview:large, max-video-preview:-1\" \/>\n<link rel=\"canonical\" href=\"https:\/\/perupayments.com\/es\/contactenos\/\" \/>\n<meta property=\"og:locale\" content=\"es_ES\" \/>\n<meta property=\"og:type\" content=\"article\" \/>\n<meta property=\"og:title\" content=\"Cont\u00e1ctenos - PeruPayments\" \/>\n<meta property=\"og:description\" content=\"Cont\u00e1ctenos Para m\u00e1s informaci\u00f3n puede escribirnos directamente a nuestro buz\u00f3n de correo electr\u00f3nico, o tambi\u00e9n puede escribirnos por nuestro formulario virtual y nos estaremos comunicando con usted en el menor tiempo posible. Direcci\u00f3n: Av. Jos\u00e9 Pardo 831 &#8211; Miraflores, Lima &#8211; Per\u00fa asociados@perupayments.com\" \/>\n<meta property=\"og:url\" content=\"https:\/\/perupayments.com\/es\/contactenos\/\" \/>\n<meta property=\"og:site_name\" content=\"PeruPayments\" \/>\n<meta property=\"article:modified_time\" content=\"2026-04-14T18:25:10+00:00\" \/>\n<meta name=\"twitter:card\" content=\"summary_large_image\" \/>\n<meta name=\"twitter:label1\" content=\"Est. reading time\" \/>\n\t<meta name=\"twitter:data1\" content=\"1 minuto\" \/>\n<script type=\"application\/ld+json\" class=\"yoast-schema-graph\">{\"@context\":\"https:\\\/\\\/schema.org\",\"@graph\":[{\"@type\":\"WebPage\",\"@id\":\"https:\\\/\\\/perupayments.com\\\/contactenos\\\/\",\"url\":\"https:\\\/\\\/perupayments.com\\\/contactenos\\\/\",\"name\":\"Cont\u00e1ctenos - PeruPayments\",\"isPartOf\":{\"@id\":\"https:\\\/\\\/perupayments.com\\\/es\\\/#website\"},\"datePublished\":\"2024-12-10T13:02:47+00:00\",\"dateModified\":\"2026-04-14T18:25:10+00:00\",\"breadcrumb\":{\"@id\":\"https:\\\/\\\/perupayments.com\\\/contactenos\\\/#breadcrumb\"},\"inLanguage\":\"es-PE\",\"potentialAction\":[{\"@type\":\"ReadAction\",\"target\":[\"https:\\\/\\\/perupayments.com\\\/contactenos\\\/\"]}]},{\"@type\":\"BreadcrumbList\",\"@id\":\"https:\\\/\\\/perupayments.com\\\/contactenos\\\/#breadcrumb\",\"itemListElement\":[{\"@type\":\"ListItem\",\"position\":1,\"name\":\"Portada\",\"item\":\"https:\\\/\\\/perupayments.com\\\/\"},{\"@type\":\"ListItem\",\"position\":2,\"name\":\"Cont\u00e1ctenos\"}]},{\"@type\":\"WebSite\",\"@id\":\"https:\\\/\\\/perupayments.com\\\/es\\\/#website\",\"url\":\"https:\\\/\\\/perupayments.com\\\/es\\\/\",\"name\":\"PeruPayments\",\"description\":\"\",\"publisher\":{\"@id\":\"https:\\\/\\\/perupayments.com\\\/es\\\/#organization\"},\"potentialAction\":[{\"@type\":\"SearchAction\",\"target\":{\"@type\":\"EntryPoint\",\"urlTemplate\":\"https:\\\/\\\/perupayments.com\\\/es\\\/?s={search_term_string}\"},\"query-input\":{\"@type\":\"PropertyValueSpecification\",\"valueRequired\":true,\"valueName\":\"search_term_string\"}}],\"inLanguage\":\"es-PE\"},{\"@type\":\"Organization\",\"@id\":\"https:\\\/\\\/perupayments.com\\\/es\\\/#organization\",\"name\":\"PeruPayments\",\"url\":\"https:\\\/\\\/perupayments.com\\\/es\\\/\",\"logo\":{\"@type\":\"ImageObject\",\"inLanguage\":\"es-PE\",\"@id\":\"https:\\\/\\\/perupayments.com\\\/es\\\/#\\\/schema\\\/logo\\\/image\\\/\",\"url\":\"https:\\\/\\\/perupayments.com\\\/wp-content\\\/uploads\\\/2024\\\/12\\\/logoPP.png\",\"contentUrl\":\"https:\\\/\\\/perupayments.com\\\/wp-content\\\/uploads\\\/2024\\\/12\\\/logoPP.png\",\"width\":800,\"height\":252,\"caption\":\"PeruPayments\"},\"image\":{\"@id\":\"https:\\\/\\\/perupayments.com\\\/es\\\/#\\\/schema\\\/logo\\\/image\\\/\"},\"sameAs\":[\"https:\\\/\\\/www.linkedin.com\\\/company\\\/peru-payments-association\\\/about\\\/?viewAsMember=true\"]}]}<\/script>\n<!-- \/ Yoast SEO plugin. -->","yoast_head_json":{"title":"Cont\u00e1ctenos - PeruPayments","robots":{"index":"index","follow":"follow","max-snippet":"max-snippet:-1","max-image-preview":"max-image-preview:large","max-video-preview":"max-video-preview:-1"},"canonical":"https:\/\/perupayments.com\/es\/contactenos\/","og_locale":"es_ES","og_type":"article","og_title":"Cont\u00e1ctenos - PeruPayments","og_description":"Cont\u00e1ctenos Para m\u00e1s informaci\u00f3n puede escribirnos directamente a nuestro buz\u00f3n de correo electr\u00f3nico, o tambi\u00e9n puede escribirnos por nuestro formulario virtual y nos estaremos comunicando con usted en el menor tiempo posible. Direcci\u00f3n: Av. Jos\u00e9 Pardo 831 &#8211; Miraflores, Lima &#8211; Per\u00fa asociados@perupayments.com","og_url":"https:\/\/perupayments.com\/es\/contactenos\/","og_site_name":"PeruPayments","article_modified_time":"2026-04-14T18:25:10+00:00","twitter_card":"summary_large_image","twitter_misc":{"Est. reading time":"1 minuto"},"schema":{"@context":"https:\/\/schema.org","@graph":[{"@type":"WebPage","@id":"https:\/\/perupayments.com\/contactenos\/","url":"https:\/\/perupayments.com\/contactenos\/","name":"Cont\u00e1ctenos - PeruPayments","isPartOf":{"@id":"https:\/\/perupayments.com\/es\/#website"},"datePublished":"2024-12-10T13:02:47+00:00","dateModified":"2026-04-14T18:25:10+00:00","breadcrumb":{"@id":"https:\/\/perupayments.com\/contactenos\/#breadcrumb"},"inLanguage":"es-PE","potentialAction":[{"@type":"ReadAction","target":["https:\/\/perupayments.com\/contactenos\/"]}]},{"@type":"BreadcrumbList","@id":"https:\/\/perupayments.com\/contactenos\/#breadcrumb","itemListElement":[{"@type":"ListItem","position":1,"name":"Portada","item":"https:\/\/perupayments.com\/"},{"@type":"ListItem","position":2,"name":"Cont\u00e1ctenos"}]},{"@type":"WebSite","@id":"https:\/\/perupayments.com\/es\/#website","url":"https:\/\/perupayments.com\/es\/","name":"PeruPayments","description":"","publisher":{"@id":"https:\/\/perupayments.com\/es\/#organization"},"potentialAction":[{"@type":"SearchAction","target":{"@type":"EntryPoint","urlTemplate":"https:\/\/perupayments.com\/es\/?s={search_term_string}"},"query-input":{"@type":"PropertyValueSpecification","valueRequired":true,"valueName":"search_term_string"}}],"inLanguage":"es-PE"},{"@type":"Organization","@id":"https:\/\/perupayments.com\/es\/#organization","name":"PeruPayments","url":"https:\/\/perupayments.com\/es\/","logo":{"@type":"ImageObject","inLanguage":"es-PE","@id":"https:\/\/perupayments.com\/es\/#\/schema\/logo\/image\/","url":"https:\/\/perupayments.com\/wp-content\/uploads\/2024\/12\/logoPP.png","contentUrl":"https:\/\/perupayments.com\/wp-content\/uploads\/2024\/12\/logoPP.png","width":800,"height":252,"caption":"PeruPayments"},"image":{"@id":"https:\/\/perupayments.com\/es\/#\/schema\/logo\/image\/"},"sameAs":["https:\/\/www.linkedin.com\/company\/peru-payments-association\/about\/?viewAsMember=true"]}]}},"_links":{"self":[{"href":"https:\/\/perupayments.com\/es\/wp-json\/wp\/v2\/pages\/265","targetHints":{"allow":["GET"]}}],"collection":[{"href":"https:\/\/perupayments.com\/es\/wp-json\/wp\/v2\/pages"}],"about":[{"href":"https:\/\/perupayments.com\/es\/wp-json\/wp\/v2\/types\/page"}],"author":[{"embeddable":true,"href":"https:\/\/perupayments.com\/es\/wp-json\/wp\/v2\/users\/1"}],"replies":[{"embeddable":true,"href":"https:\/\/perupayments.com\/es\/wp-json\/wp\/v2\/comments?post=265"}],"version-history":[{"count":58,"href":"https:\/\/perupayments.com\/es\/wp-json\/wp\/v2\/pages\/265\/revisions"}],"predecessor-version":[{"id":427,"href":"https:\/\/perupayments.com\/es\/wp-json\/wp\/v2\/pages\/265\/revisions\/427"}],"wp:attachment":[{"href":"https:\/\/perupayments.com\/es\/wp-json\/wp\/v2\/media?parent=265"}],"curies":[{"name":"wp","href":"https:\/\/api.w.org\/{rel}","templated":true}]}}