{"id":337,"date":"2024-12-10T18:22:39","date_gmt":"2024-12-10T23:22:39","guid":{"rendered":"https:\/\/perupayments.com\/?page_id=337"},"modified":"2024-12-10T18:32:11","modified_gmt":"2024-12-10T23:32:11","slug":"vinculacion","status":"publish","type":"page","link":"https:\/\/perupayments.com\/es\/vinculacion\/","title":{"rendered":"Vinculaci\u00f3n"},"content":{"rendered":"\t\t<div data-elementor-type=\"wp-page\" data-elementor-id=\"337\" class=\"elementor elementor-337\" data-elementor-post-type=\"page\">\n\t\t\t\t<div class=\"elementor-element elementor-element-f4049c2 e-flex e-con-boxed e-con e-parent\" data-id=\"f4049c2\" data-element_type=\"container\">\n\t\t\t\t\t<div class=\"e-con-inner\">\n\t\t<div class=\"elementor-element elementor-element-64b2552 e-con-full e-flex e-con e-child\" data-id=\"64b2552\" data-element_type=\"container\">\n\t\t\t\t<div class=\"elementor-element elementor-element-fde5e19 elementor-widget elementor-widget-heading\" data-id=\"fde5e19\" data-element_type=\"widget\" data-widget_type=\"heading.default\">\n\t\t\t\t<div class=\"elementor-widget-container\">\n\t\t\t<h2 class=\"elementor-heading-title elementor-size-default\">Vinculaci\u00f3n<\/h2>\t\t<\/div>\n\t\t\t\t<\/div>\n\t\t\t\t<div class=\"elementor-element elementor-element-7b190a5 elementor-widget elementor-widget-button\" data-id=\"7b190a5\" data-element_type=\"widget\" data-widget_type=\"button.default\">\n\t\t\t\t<div class=\"elementor-widget-container\">\n\t\t\t\t\t\t\t<div class=\"elementor-button-wrapper\">\n\t\t\t\t\t<a class=\"elementor-button elementor-size-sm\" role=\"button\">\n\t\t\t\t\t\t<span class=\"elementor-button-content-wrapper\">\n\t\t\t\t\t\t\t\t\t<span class=\"elementor-button-text\">PAYMENT PARTNERS<\/span>\n\t\t\t\t\t<\/span>\n\t\t\t\t\t<\/a>\n\t\t\t\t<\/div>\n\t\t\t\t\t\t<\/div>\n\t\t\t\t<\/div>\n\t\t\t\t<div class=\"elementor-element elementor-element-70d4735 elementor-widget elementor-widget-text-editor\" data-id=\"70d4735\" data-element_type=\"widget\" data-widget_type=\"text-editor.default\">\n\t\t\t\t<div class=\"elementor-widget-container\">\n\t\t\t\t\t\t\t<p>Son aquellas empresas enfocadas en la colaboraci\u00f3n estrat\u00e9gica con la industria de pagos y en agregar valor a la cadena de pagos. Entre ellas destacan los inversionistas, consultores, firmas de abogados, y otros que no efect\u00faan servicios de pagos.<\/p>\t\t\t\t\t\t<\/div>\n\t\t\t\t<\/div>\n\t\t\t\t<div class=\"elementor-element elementor-element-91fe441 elementor-widget elementor-widget-image\" data-id=\"91fe441\" data-element_type=\"widget\" data-widget_type=\"image.default\">\n\t\t\t\t<div class=\"elementor-widget-container\">\n\t\t\t\t\t\t\t\t\t\t\t\t\t<img fetchpriority=\"high\" decoding=\"async\" width=\"1024\" height=\"725\" src=\"https:\/\/perupayments.com\/wp-content\/uploads\/2024\/12\/Tarifario-beneficio-Payments-Partners-1024x725.jpg\" class=\"attachment-large size-large wp-image-339\" alt=\"\" srcset=\"https:\/\/perupayments.com\/wp-content\/uploads\/2024\/12\/Tarifario-beneficio-Payments-Partners-1024x725.jpg 1024w, https:\/\/perupayments.com\/wp-content\/uploads\/2024\/12\/Tarifario-beneficio-Payments-Partners-300x212.jpg 300w, https:\/\/perupayments.com\/wp-content\/uploads\/2024\/12\/Tarifario-beneficio-Payments-Partners-768x543.jpg 768w, https:\/\/perupayments.com\/wp-content\/uploads\/2024\/12\/Tarifario-beneficio-Payments-Partners.jpg 1190w\" sizes=\"(max-width: 1024px) 100vw, 1024px\" \/>\t\t\t\t\t\t\t\t\t\t\t\t\t<\/div>\n\t\t\t\t<\/div>\n\t\t\t\t<div class=\"elementor-element elementor-element-996aa7a elementor-widget elementor-widget-button\" data-id=\"996aa7a\" data-element_type=\"widget\" data-widget_type=\"button.default\">\n\t\t\t\t<div class=\"elementor-widget-container\">\n\t\t\t\t\t\t\t<div class=\"elementor-button-wrapper\">\n\t\t\t\t\t<a class=\"elementor-button elementor-size-sm\" role=\"button\">\n\t\t\t\t\t\t<span class=\"elementor-button-content-wrapper\">\n\t\t\t\t\t\t\t\t\t<span class=\"elementor-button-text\">PAYMENT PROVIDERS<\/span>\n\t\t\t\t\t<\/span>\n\t\t\t\t\t<\/a>\n\t\t\t\t<\/div>\n\t\t\t\t\t\t<\/div>\n\t\t\t\t<\/div>\n\t\t\t\t<div class=\"elementor-element elementor-element-7b2a08a elementor-widget elementor-widget-text-editor\" data-id=\"7b2a08a\" data-element_type=\"widget\" data-widget_type=\"text-editor.default\">\n\t\t\t\t<div class=\"elementor-widget-container\">\n\t\t\t\t\t\t\t<p>Son aquellas empresas que ofrecen servicios de pagos, tales como adquirentes, emisores, procesadores, facilitadores, marcas, entre otros.<\/p>\t\t\t\t\t\t<\/div>\n\t\t\t\t<\/div>\n\t\t\t\t<div class=\"elementor-element elementor-element-d927c48 elementor-widget elementor-widget-image\" data-id=\"d927c48\" data-element_type=\"widget\" data-widget_type=\"image.default\">\n\t\t\t\t<div class=\"elementor-widget-container\">\n\t\t\t\t\t\t\t\t\t\t\t\t\t<img decoding=\"async\" width=\"1024\" height=\"725\" src=\"https:\/\/perupayments.com\/wp-content\/uploads\/2024\/12\/Tarifario-beneficio-Payments-Providers-1024x725.jpg\" class=\"attachment-large size-large wp-image-340\" alt=\"\" srcset=\"https:\/\/perupayments.com\/wp-content\/uploads\/2024\/12\/Tarifario-beneficio-Payments-Providers-1024x725.jpg 1024w, https:\/\/perupayments.com\/wp-content\/uploads\/2024\/12\/Tarifario-beneficio-Payments-Providers-300x212.jpg 300w, https:\/\/perupayments.com\/wp-content\/uploads\/2024\/12\/Tarifario-beneficio-Payments-Providers-768x543.jpg 768w, https:\/\/perupayments.com\/wp-content\/uploads\/2024\/12\/Tarifario-beneficio-Payments-Providers.jpg 1190w\" sizes=\"(max-width: 1024px) 100vw, 1024px\" \/>\t\t\t\t\t\t\t\t\t\t\t\t\t<\/div>\n\t\t\t\t<\/div>\n\t\t\t\t<\/div>\n\t\t\t\t\t<\/div>\n\t\t\t\t<\/div>\n\t\t<div class=\"elementor-element elementor-element-0159701 e-flex e-con-boxed e-con e-parent\" data-id=\"0159701\" data-element_type=\"container\" data-settings=\"{&quot;background_background&quot;:&quot;classic&quot;}\">\n\t\t\t\t\t<div class=\"e-con-inner\">\n\t\t<div class=\"elementor-element elementor-element-8181856 e-con-full e-flex e-con e-child\" data-id=\"8181856\" data-element_type=\"container\" data-settings=\"{&quot;background_background&quot;:&quot;classic&quot;}\">\n\t\t<div class=\"elementor-element elementor-element-5790721 e-con-full e-flex e-con e-child\" data-id=\"5790721\" data-element_type=\"container\">\n\t\t\t\t<div class=\"elementor-element elementor-element-e222686 elementor-align-center elementor-widget elementor-widget-button\" data-id=\"e222686\" data-element_type=\"widget\" data-widget_type=\"button.default\">\n\t\t\t\t<div class=\"elementor-widget-container\">\n\t\t\t\t\t\t\t<div class=\"elementor-button-wrapper\">\n\t\t\t\t\t<a class=\"elementor-button elementor-button-link elementor-size-sm\" href=\"https:\/\/perupayments.com\/contactenos\/\">\n\t\t\t\t\t\t<span class=\"elementor-button-content-wrapper\">\n\t\t\t\t\t\t<span class=\"elementor-button-icon\">\n\t\t\t\t<svg aria-hidden=\"true\" class=\"e-font-icon-svg e-far-arrow-alt-circle-right\" viewBox=\"0 0 512 512\" xmlns=\"http:\/\/www.w3.org\/2000\/svg\"><path d=\"M504 256C504 119 393 8 256 8S8 119 8 256s111 248 248 248 248-111 248-248zm-448 0c0-110.5 89.5-200 200-200s200 89.5 200 200-89.5 200-200 200S56 366.5 56 256zm72 20v-40c0-6.6 5.4-12 12-12h116v-67c0-10.7 12.9-16 20.5-8.5l99 99c4.7 4.7 4.7 12.3 0 17l-99 99c-7.6 7.6-20.5 2.2-20.5-8.5v-67H140c-6.6 0-12-5.4-12-12z\"><\/path><\/svg>\t\t\t<\/span>\n\t\t\t\t\t\t\t\t\t<span class=\"elementor-button-text\">VINC\u00daLATE<\/span>\n\t\t\t\t\t<\/span>\n\t\t\t\t\t<\/a>\n\t\t\t\t<\/div>\n\t\t\t\t\t\t<\/div>\n\t\t\t\t<\/div>\n\t\t\t\t<\/div>\n\t\t\t\t<\/div>\n\t\t\t\t\t<\/div>\n\t\t\t\t<\/div>\n\t\t\t\t<\/div>\n\t\t","protected":false},"excerpt":{"rendered":"<p>Vinculaci\u00f3n PAYMENT PARTNERS Son aquellas empresas enfocadas en la colaboraci\u00f3n estrat\u00e9gica con la industria de pagos y en agregar valor a la cadena de pagos. Entre ellas destacan los inversionistas, consultores, firmas de abogados, y otros que no efect\u00faan servicios de pagos. PAYMENT PROVIDERS Son aquellas empresas que ofrecen servicios de pagos, tales como adquirentes, [&hellip;]<\/p>\n","protected":false},"author":1,"featured_media":0,"parent":0,"menu_order":0,"comment_status":"closed","ping_status":"closed","template":"","meta":{"footnotes":""},"class_list":["post-337","page","type-page","status-publish","hentry"],"yoast_head":"<!-- This site is optimized with the Yoast SEO plugin v26.7 - https:\/\/yoast.com\/wordpress\/plugins\/seo\/ -->\n<title>Vinculaci\u00f3n - PeruPayments<\/title>\n<meta name=\"robots\" content=\"index, follow, max-snippet:-1, max-image-preview:large, max-video-preview:-1\" \/>\n<link rel=\"canonical\" href=\"https:\/\/perupayments.com\/es\/vinculacion\/\" \/>\n<meta property=\"og:locale\" content=\"es_ES\" \/>\n<meta property=\"og:type\" content=\"article\" \/>\n<meta property=\"og:title\" content=\"Vinculaci\u00f3n - PeruPayments\" \/>\n<meta property=\"og:description\" content=\"Vinculaci\u00f3n PAYMENT PARTNERS Son aquellas empresas enfocadas en la colaboraci\u00f3n estrat\u00e9gica con la industria de pagos y en agregar valor a la cadena de pagos. Entre ellas destacan los inversionistas, consultores, firmas de abogados, y otros que no efect\u00faan servicios de pagos. PAYMENT PROVIDERS Son aquellas empresas que ofrecen servicios de pagos, tales como adquirentes, [&hellip;]\" \/>\n<meta property=\"og:url\" content=\"https:\/\/perupayments.com\/es\/vinculacion\/\" \/>\n<meta property=\"og:site_name\" content=\"PeruPayments\" \/>\n<meta property=\"article:modified_time\" content=\"2024-12-10T23:32:11+00:00\" \/>\n<meta property=\"og:image\" content=\"https:\/\/perupayments.com\/wp-content\/uploads\/2024\/12\/Tarifario-beneficio-Payments-Partners-1024x725.jpg\" \/>\n<meta name=\"twitter:card\" content=\"summary_large_image\" \/>\n<script type=\"application\/ld+json\" class=\"yoast-schema-graph\">{\"@context\":\"https:\/\/schema.org\",\"@graph\":[{\"@type\":\"WebPage\",\"@id\":\"https:\/\/perupayments.com\/es\/vinculacion\/\",\"url\":\"https:\/\/perupayments.com\/es\/vinculacion\/\",\"name\":\"Vinculaci\u00f3n - PeruPayments\",\"isPartOf\":{\"@id\":\"https:\/\/perupayments.com\/es\/#website\"},\"primaryImageOfPage\":{\"@id\":\"https:\/\/perupayments.com\/es\/vinculacion\/#primaryimage\"},\"image\":{\"@id\":\"https:\/\/perupayments.com\/es\/vinculacion\/#primaryimage\"},\"thumbnailUrl\":\"https:\/\/perupayments.com\/wp-content\/uploads\/2024\/12\/Tarifario-beneficio-Payments-Partners-1024x725.jpg\",\"datePublished\":\"2024-12-10T23:22:39+00:00\",\"dateModified\":\"2024-12-10T23:32:11+00:00\",\"breadcrumb\":{\"@id\":\"https:\/\/perupayments.com\/es\/vinculacion\/#breadcrumb\"},\"inLanguage\":\"es-PE\",\"potentialAction\":[{\"@type\":\"ReadAction\",\"target\":[\"https:\/\/perupayments.com\/es\/vinculacion\/\"]}]},{\"@type\":\"ImageObject\",\"inLanguage\":\"es-PE\",\"@id\":\"https:\/\/perupayments.com\/es\/vinculacion\/#primaryimage\",\"url\":\"https:\/\/perupayments.com\/wp-content\/uploads\/2024\/12\/Tarifario-beneficio-Payments-Partners-1024x725.jpg\",\"contentUrl\":\"https:\/\/perupayments.com\/wp-content\/uploads\/2024\/12\/Tarifario-beneficio-Payments-Partners-1024x725.jpg\"},{\"@type\":\"BreadcrumbList\",\"@id\":\"https:\/\/perupayments.com\/es\/vinculacion\/#breadcrumb\",\"itemListElement\":[{\"@type\":\"ListItem\",\"position\":1,\"name\":\"Portada\",\"item\":\"https:\/\/perupayments.com\/\"},{\"@type\":\"ListItem\",\"position\":2,\"name\":\"Vinculaci\u00f3n\"}]},{\"@type\":\"WebSite\",\"@id\":\"https:\/\/perupayments.com\/es\/#website\",\"url\":\"https:\/\/perupayments.com\/es\/\",\"name\":\"PeruPayments\",\"description\":\"\",\"publisher\":{\"@id\":\"https:\/\/perupayments.com\/es\/#organization\"},\"potentialAction\":[{\"@type\":\"SearchAction\",\"target\":{\"@type\":\"EntryPoint\",\"urlTemplate\":\"https:\/\/perupayments.com\/es\/?s={search_term_string}\"},\"query-input\":{\"@type\":\"PropertyValueSpecification\",\"valueRequired\":true,\"valueName\":\"search_term_string\"}}],\"inLanguage\":\"es-PE\"},{\"@type\":\"Organization\",\"@id\":\"https:\/\/perupayments.com\/es\/#organization\",\"name\":\"PeruPayments\",\"url\":\"https:\/\/perupayments.com\/es\/\",\"logo\":{\"@type\":\"ImageObject\",\"inLanguage\":\"es-PE\",\"@id\":\"https:\/\/perupayments.com\/es\/#\/schema\/logo\/image\/\",\"url\":\"https:\/\/perupayments.com\/wp-content\/uploads\/2024\/12\/logoPP.png\",\"contentUrl\":\"https:\/\/perupayments.com\/wp-content\/uploads\/2024\/12\/logoPP.png\",\"width\":800,\"height\":252,\"caption\":\"PeruPayments\"},\"image\":{\"@id\":\"https:\/\/perupayments.com\/es\/#\/schema\/logo\/image\/\"},\"sameAs\":[\"https:\/\/www.linkedin.com\/company\/peru-payments-association\/about\/?viewAsMember=true\"]}]}<\/script>\n<!-- \/ Yoast SEO plugin. -->","yoast_head_json":{"title":"Vinculaci\u00f3n - PeruPayments","robots":{"index":"index","follow":"follow","max-snippet":"max-snippet:-1","max-image-preview":"max-image-preview:large","max-video-preview":"max-video-preview:-1"},"canonical":"https:\/\/perupayments.com\/es\/vinculacion\/","og_locale":"es_ES","og_type":"article","og_title":"Vinculaci\u00f3n - PeruPayments","og_description":"Vinculaci\u00f3n PAYMENT PARTNERS Son aquellas empresas enfocadas en la colaboraci\u00f3n estrat\u00e9gica con la industria de pagos y en agregar valor a la cadena de pagos. Entre ellas destacan los inversionistas, consultores, firmas de abogados, y otros que no efect\u00faan servicios de pagos. PAYMENT PROVIDERS Son aquellas empresas que ofrecen servicios de pagos, tales como adquirentes, [&hellip;]","og_url":"https:\/\/perupayments.com\/es\/vinculacion\/","og_site_name":"PeruPayments","article_modified_time":"2024-12-10T23:32:11+00:00","og_image":[{"url":"https:\/\/perupayments.com\/wp-content\/uploads\/2024\/12\/Tarifario-beneficio-Payments-Partners-1024x725.jpg","type":"","width":"","height":""}],"twitter_card":"summary_large_image","schema":{"@context":"https:\/\/schema.org","@graph":[{"@type":"WebPage","@id":"https:\/\/perupayments.com\/es\/vinculacion\/","url":"https:\/\/perupayments.com\/es\/vinculacion\/","name":"Vinculaci\u00f3n - PeruPayments","isPartOf":{"@id":"https:\/\/perupayments.com\/es\/#website"},"primaryImageOfPage":{"@id":"https:\/\/perupayments.com\/es\/vinculacion\/#primaryimage"},"image":{"@id":"https:\/\/perupayments.com\/es\/vinculacion\/#primaryimage"},"thumbnailUrl":"https:\/\/perupayments.com\/wp-content\/uploads\/2024\/12\/Tarifario-beneficio-Payments-Partners-1024x725.jpg","datePublished":"2024-12-10T23:22:39+00:00","dateModified":"2024-12-10T23:32:11+00:00","breadcrumb":{"@id":"https:\/\/perupayments.com\/es\/vinculacion\/#breadcrumb"},"inLanguage":"es-PE","potentialAction":[{"@type":"ReadAction","target":["https:\/\/perupayments.com\/es\/vinculacion\/"]}]},{"@type":"ImageObject","inLanguage":"es-PE","@id":"https:\/\/perupayments.com\/es\/vinculacion\/#primaryimage","url":"https:\/\/perupayments.com\/wp-content\/uploads\/2024\/12\/Tarifario-beneficio-Payments-Partners-1024x725.jpg","contentUrl":"https:\/\/perupayments.com\/wp-content\/uploads\/2024\/12\/Tarifario-beneficio-Payments-Partners-1024x725.jpg"},{"@type":"BreadcrumbList","@id":"https:\/\/perupayments.com\/es\/vinculacion\/#breadcrumb","itemListElement":[{"@type":"ListItem","position":1,"name":"Portada","item":"https:\/\/perupayments.com\/"},{"@type":"ListItem","position":2,"name":"Vinculaci\u00f3n"}]},{"@type":"WebSite","@id":"https:\/\/perupayments.com\/es\/#website","url":"https:\/\/perupayments.com\/es\/","name":"PeruPayments","description":"","publisher":{"@id":"https:\/\/perupayments.com\/es\/#organization"},"potentialAction":[{"@type":"SearchAction","target":{"@type":"EntryPoint","urlTemplate":"https:\/\/perupayments.com\/es\/?s={search_term_string}"},"query-input":{"@type":"PropertyValueSpecification","valueRequired":true,"valueName":"search_term_string"}}],"inLanguage":"es-PE"},{"@type":"Organization","@id":"https:\/\/perupayments.com\/es\/#organization","name":"PeruPayments","url":"https:\/\/perupayments.com\/es\/","logo":{"@type":"ImageObject","inLanguage":"es-PE","@id":"https:\/\/perupayments.com\/es\/#\/schema\/logo\/image\/","url":"https:\/\/perupayments.com\/wp-content\/uploads\/2024\/12\/logoPP.png","contentUrl":"https:\/\/perupayments.com\/wp-content\/uploads\/2024\/12\/logoPP.png","width":800,"height":252,"caption":"PeruPayments"},"image":{"@id":"https:\/\/perupayments.com\/es\/#\/schema\/logo\/image\/"},"sameAs":["https:\/\/www.linkedin.com\/company\/peru-payments-association\/about\/?viewAsMember=true"]}]}},"_links":{"self":[{"href":"https:\/\/perupayments.com\/es\/wp-json\/wp\/v2\/pages\/337","targetHints":{"allow":["GET"]}}],"collection":[{"href":"https:\/\/perupayments.com\/es\/wp-json\/wp\/v2\/pages"}],"about":[{"href":"https:\/\/perupayments.com\/es\/wp-json\/wp\/v2\/types\/page"}],"author":[{"embeddable":true,"href":"https:\/\/perupayments.com\/es\/wp-json\/wp\/v2\/users\/1"}],"replies":[{"embeddable":true,"href":"https:\/\/perupayments.com\/es\/wp-json\/wp\/v2\/comments?post=337"}],"version-history":[{"count":4,"href":"https:\/\/perupayments.com\/es\/wp-json\/wp\/v2\/pages\/337\/revisions"}],"predecessor-version":[{"id":346,"href":"https:\/\/perupayments.com\/es\/wp-json\/wp\/v2\/pages\/337\/revisions\/346"}],"wp:attachment":[{"href":"https:\/\/perupayments.com\/es\/wp-json\/wp\/v2\/media?parent=337"}],"curies":[{"name":"wp","href":"https:\/\/api.w.org\/{rel}","templated":true}]}}